{"id":1229,"date":"2022-03-11T11:22:48","date_gmt":"2022-03-11T10:22:48","guid":{"rendered":"https:\/\/www.raeumungsteam.de\/?page_id=1229"},"modified":"2023-11-15T14:43:23","modified_gmt":"2023-11-15T13:43:23","slug":"impressum","status":"publish","type":"page","link":"https:\/\/www.raeumungsteam.de\/index.php\/impressum\/","title":{"rendered":"Impressum"},"content":{"rendered":"<div class=\"wpb-content-wrapper\"><p>[vc_section css=&#8220;.vc_custom_1623077085709{background-image: url(http:\/\/www.rt-test.site\/wp-content\/uploads\/2021\/06\/gfrddg.jpg?id=392) !important;background-position: center !important;background-repeat: no-repeat !important;background-size: cover !important;}&#8220;][vc_row][vc_column offset=&#8220;vc_col-lg-offset-2 vc_col-lg-8 vc_col-md-offset-1 vc_col-md-11 vc_col-sm-offset-1 vc_col-sm-11&#8243;]<style type=\"text\/css\">#ut_custom_heading6a007851df511 { color:#008060; }#ut_custom_heading6a007851df511 { font-size:20px !important;line-height:130% !important; }#ut_custom_heading6a007851df511 { text-align:left; }@media (min-width: 768px) and (max-width: 1024px) { #ut_custom_heading6a007851df511 { text-align:left; } }@media (max-width: 767px) { #ut_custom_heading6a007851df511 { text-align:center; } }<\/style><h3 id=\"ut_custom_heading6a007851df511\" data-responsive-font=\"h3\" data-responsive-font-settings=\"{&quot;base-font-size&quot;:&quot;global&quot;,&quot;font-size&quot;:{&quot;desktop_large&quot;:&quot;20&quot;},&quot;base-line-height&quot;:&quot;global&quot;,&quot;line-height&quot;:{&quot;desktop_large&quot;:&quot;130&quot;},&quot;base-letter-spacing&quot;:&quot;global&quot;}\" class=\"ut-custom-heading-module   vc_custom_1646992425054\" ><span class=\"\" >Das R\u00e4umungsteam<\/span><\/h3><div class=\"wpb_content_element \"><style type=\"text\/css\">#ut_header_6a007851e21ad h2.section-title { font-size:50px !important;line-height:125% !important;letter-spacing:-0.03em; }<\/style><header id=\"ut_header_6a007851e21ad\" class=\"section-header  ut-no-title-linebreak-mobile ut-no-lead-linebreak-mobile pt-style-7 header-left header-tablet-left header-mobile-center element-with-custom-line-height\"><div class=\"element-with-custom-line-height\" ><h2 data-title=\"Angaben zum Impressum\"  data-responsive-font=\"section_title\" data-responsive-font-settings=\"{&quot;base-font-size&quot;:&quot;global&quot;,&quot;font-size&quot;:{&quot;desktop_large&quot;:&quot;50&quot;},&quot;base-line-height&quot;:&quot;global&quot;,&quot;line-height&quot;:{&quot;desktop_large&quot;:&quot;125&quot;},&quot;base-letter-spacing&quot;:&quot;global&quot;,&quot;letter-spacing&quot;:{&quot;desktop_large&quot;:&quot;-0.03&quot;}}\" class=\"section-title  \"><span>Angaben zum Impressum<\/span><\/h2><\/div><\/header><\/div>[\/vc_column][\/vc_row][vc_row][vc_column][vc_column_text]<\/p>\n<h1><\/h1>\n<h1>Impressum Angaben gem\u00e4\u00df \u00a7 5 TMG<\/h1>\n<p>Das R\u00e4umungsteam &#8211; Humpa &amp; R\u00f6\u00dfger GbR<br \/>\nHochvogelring 19<br \/>\n90471 N\u00fcrnberg<\/p>\n<p><strong>Vertreten durch:<\/strong><br \/>\nMartin R\u00f6\u00dfger &amp; Sven Humpa<\/p>\n<h2>Kontakt<\/h2>\n<p>Telefon: 01578 \/ 5150429<br \/>\nE-Mail: info@raeumungsteam.de<\/p>\n<h2>Redaktionell verantwortlich<\/h2>\n<p>Das R\u00e4umungsteam &#8211; Humpa &amp; R\u00f6\u00dfger GbR<\/p>\n<h2>EU-Streitschlichtung<\/h2>\n<p>Die Europ\u00e4ische Kommission stellt eine Plattform zur Online-Streitbeilegung (OS) bereit: <a href=\"https:\/\/ec.europa.eu\/consumers\/odr\/\" target=\"_blank\" rel=\"noopener noreferrer\">https:\/\/ec.europa.eu\/consumers\/odr\/<\/a>.<br \/>\nUnsere E-Mail-Adresse finden Sie oben im Impressum.<\/p>\n<h2>Verbraucher\u00adstreit\u00adbeilegung\/Universal\u00adschlichtungs\u00adstelle<\/h2>\n<p>Wir sind nicht bereit oder verpflichtet, an Streitbeilegungsverfahren vor einer Verbraucherschlichtungsstelle teilzunehmen.<\/p>\n<p>Quelle: <a href=\"https:\/\/www.e-recht24.de\">eRecht24<\/a>[\/vc_column_text][\/vc_column][\/vc_row][\/vc_section][vc_section bklyn_overlay=&#8220;true&#8220; css=&#8220;.vc_custom_1623252768206{background-image: url(http:\/\/www.rt-test.site\/wp-content\/uploads\/2021\/04\/khara-woods-GOXZhoqHqac-unsplash.jpg?id=934) !important;background-position: center !important;background-repeat: no-repeat !important;background-size: cover !important;}&#8220; bklyn_overlay_color=&#8220;rgba(0, 76, 63, 0.75)&#8220; el_name=&#8220;CTA&#8220;][vc_row][vc_column offset=&#8220;vc_col-lg-offset-2 vc_col-lg-8 vc_col-md-offset-1 vc_col-md-10 vc_col-sm-offset-1 vc_col-sm-10&#8243;]<style type=\"text\/css\">#ut_custom_heading6a007851e26b6 { color:#ffdd40; }#ut_custom_heading6a007851e26b6 { font-size:20px !important;line-height:130% !important; }#ut_custom_heading6a007851e26b6 { text-align:center; }@media (min-width: 768px) and (max-width: 1024px) { #ut_custom_heading6a007851e26b6 { text-align:center; } }@media (max-width: 767px) { #ut_custom_heading6a007851e26b6 { text-align:center; } }<\/style><h3 id=\"ut_custom_heading6a007851e26b6\" data-responsive-font=\"h3\" data-responsive-font-settings=\"{&quot;base-font-size&quot;:&quot;global&quot;,&quot;font-size&quot;:{&quot;desktop_large&quot;:&quot;20&quot;},&quot;base-line-height&quot;:&quot;global&quot;,&quot;line-height&quot;:{&quot;desktop_large&quot;:&quot;130&quot;},&quot;base-letter-spacing&quot;:&quot;global&quot;}\" class=\"ut-custom-heading-module   vc_custom_1646992780020\" ><span class=\"\" >Fragen offen?<\/span><\/h3><div class=\"wpb_content_element  vc_custom_1646992820188\"><style type=\"text\/css\">#ut_header_6a007851e294c h2.section-title, #ut_header_6a007851e294c h2.section-title span { color:#ffffff; }#ut_header_6a007851e294c h2.section-title { font-size:50px !important;line-height:125% !important;letter-spacing:-0.03em; }@media (min-width: 1025px) { #ut_header_6a007851e294c .lead { width:80%;margin: 0 auto;} }#ut_header_6a007851e294c .lead { color:#ffffff; }#ut_header_6a007851e294c .lead p { color:#ffffff; }<\/style><header id=\"ut_header_6a007851e294c\" class=\"section-header  ut-no-title-linebreak-mobile ut-no-lead-linebreak-mobile pt-style-7 header-center header-tablet-center header-mobile-center element-with-custom-line-height\"><div class=\"element-with-custom-line-height\" ><h2 data-title=\"Lass uns in Kontakt treten\"  data-responsive-font=\"section_title\" data-responsive-font-settings=\"{&quot;base-font-size&quot;:&quot;global&quot;,&quot;font-size&quot;:{&quot;desktop_large&quot;:&quot;50&quot;},&quot;base-line-height&quot;:&quot;global&quot;,&quot;line-height&quot;:{&quot;desktop_large&quot;:&quot;125&quot;},&quot;base-letter-spacing&quot;:&quot;global&quot;,&quot;letter-spacing&quot;:{&quot;desktop_large&quot;:&quot;-0.03&quot;}}\" class=\"section-title  \"><span>Lass uns in Kontakt treten<\/span><\/h2><\/div><div data-delay=\"0\" class=\"lead \"><p>Gern beantworten wir Ihre individuelle Anfrage ausf\u00fchrlich und kompetent.<\/p>\n<\/div><\/header><\/div><style type=\"text\/css\">#bklyn_btn_6a007851e2e42 .bklyn-btn { color:#004c3f !important; border-radius:50px !important; background-color:#ffdd40 !important; }#bklyn_btn_6a007851e2e42 .bklyn-btn:hover{ color:#004c3f !important; background-color:#ffd61f !important; }#bklyn_btn_6a007851e2e42 .bklyn-btn:focus{ color:#004c3f !important; background-color:#ffd61f !important; }#bklyn_btn_6a007851e2e42 .bklyn-btn:active { color:#004c3f !important; background-color:#ffd61f !important; }#bklyn_btn_6a007851e2e42 a.bklyn-btn { font-weight:bold !important; }#bklyn_btn_6a007851e2e42.bklyn-btn-header a.bklyn-btn { font-weight:bold !important; }#bklyn_btn_6a007851e2e42.bklyn-btn-header a.bklyn-btn span { font-weight:bold !important; }#bklyn_btn_6a007851e2e42 a.bklyn-btn { font-family:inherit !important; }<\/style><div id=\"bklyn_btn_6a007851e2e42\" class=\"bklyn-btn-holder  bklyn-btn-center bklyn-btn-tablet-center bklyn-btn-mobile-center\"><a title=\"\"   href=\"https:\/\/www.raeumungsteam.de\/index.php\/kontakt\/\" target=\"_self\" class=\"bklyn-btn  bklyn-btn-normal\" ><span class=\"ut-btn-text\">Kontaktformular<\/span><\/a><\/div>[\/vc_column][\/vc_row][\/vc_section]<\/p>\n<\/div>","protected":false},"excerpt":{"rendered":"<p>[vc_section css=&#8220;.vc_custom_1623077085709{background-image: url(http:\/\/www.rt-test.site\/wp-content\/uploads\/2021\/06\/gfrddg.jpg?id=392) !important;background-position: center !important;background-repeat: no-repeat !important;background-size: cover !important;}&#8220;][vc_row][vc_column offset=&#8220;vc_col-lg-offset-2 vc_col-lg-8 vc_col-md-offset-1 vc_col-md-11 vc_col-sm-offset-1 vc_col-sm-11&#8243;][\/vc_column][\/vc_row][vc_row][vc_column][vc_column_text] Impressum Angaben gem\u00e4\u00df \u00a7 5 TMG Das R\u00e4umungsteam &#8211; Humpa &amp; R\u00f6\u00dfger GbR Hochvogelring 19 90471 N\u00fcrnberg Vertreten durch: Martin R\u00f6\u00dfger &amp; Sven Humpa Kontakt Telefon: 01578 \/ 5150429 E-Mail: info@raeumungsteam.de Redaktionell verantwortlich Das R\u00e4umungsteam &#8211; Humpa &amp; R\u00f6\u00dfger [&hellip;]<\/p>\n","protected":false},"author":1,"featured_media":0,"parent":0,"menu_order":0,"comment_status":"closed","ping_status":"closed","template":"","meta":{"footnotes":""},"class_list":["post-1229","page","type-page","status-publish","hentry"],"yoast_head":"<!-- This site is optimized with the Yoast SEO plugin v27.5 - https:\/\/yoast.com\/product\/yoast-seo-wordpress\/ -->\n<title>Impressum - Das R\u00e4umungsteam - Haushaltsaufl\u00f6sung<\/title>\n<meta name=\"description\" content=\"Hier finden Sie alle wichtigen Angaben zum Impressum der R\u00f6\u00dfger &amp; humpa GbR. Ihr Profi f\u00fcr Entr\u00fcmpelungen und Haushaltsaufl\u00f6sungen.\" \/>\n<meta name=\"robots\" content=\"index, follow, max-snippet:-1, max-image-preview:large, max-video-preview:-1\" \/>\n<link rel=\"canonical\" href=\"https:\/\/www.raeumungsteam.de\/index.php\/impressum\/\" \/>\n<meta property=\"og:locale\" content=\"de_DE\" \/>\n<meta property=\"og:type\" content=\"article\" \/>\n<meta property=\"og:title\" content=\"Impressum - Das R\u00e4umungsteam - Haushaltsaufl\u00f6sung\" \/>\n<meta property=\"og:description\" content=\"Hier finden Sie alle wichtigen Angaben zum Impressum der R\u00f6\u00dfger &amp; humpa GbR. Ihr Profi f\u00fcr Entr\u00fcmpelungen und Haushaltsaufl\u00f6sungen.\" \/>\n<meta property=\"og:url\" content=\"https:\/\/www.raeumungsteam.de\/index.php\/impressum\/\" \/>\n<meta property=\"og:site_name\" content=\"Das R\u00e4umungsteam - Haushaltsaufl\u00f6sung\" \/>\n<meta property=\"article:modified_time\" content=\"2023-11-15T13:43:23+00:00\" \/>\n<meta name=\"twitter:card\" content=\"summary_large_image\" \/>\n<meta name=\"twitter:label1\" content=\"Gesch\u00e4tzte Lesezeit\" \/>\n\t<meta name=\"twitter:data1\" content=\"1\u00a0Minute\" \/>\n<script type=\"application\/ld+json\" class=\"yoast-schema-graph\">{\"@context\":\"https:\\\/\\\/schema.org\",\"@graph\":[{\"@type\":\"WebPage\",\"@id\":\"https:\\\/\\\/www.raeumungsteam.de\\\/index.php\\\/impressum\\\/\",\"url\":\"https:\\\/\\\/www.raeumungsteam.de\\\/index.php\\\/impressum\\\/\",\"name\":\"Impressum - Das R\u00e4umungsteam - Haushaltsaufl\u00f6sung\",\"isPartOf\":{\"@id\":\"https:\\\/\\\/www.raeumungsteam.de\\\/#website\"},\"datePublished\":\"2022-03-11T10:22:48+00:00\",\"dateModified\":\"2023-11-15T13:43:23+00:00\",\"description\":\"Hier finden Sie alle wichtigen Angaben zum Impressum der R\u00f6\u00dfger & humpa GbR. Ihr Profi f\u00fcr Entr\u00fcmpelungen und Haushaltsaufl\u00f6sungen.\",\"breadcrumb\":{\"@id\":\"https:\\\/\\\/www.raeumungsteam.de\\\/index.php\\\/impressum\\\/#breadcrumb\"},\"inLanguage\":\"de\",\"potentialAction\":[{\"@type\":\"ReadAction\",\"target\":[\"https:\\\/\\\/www.raeumungsteam.de\\\/index.php\\\/impressum\\\/\"]}]},{\"@type\":\"BreadcrumbList\",\"@id\":\"https:\\\/\\\/www.raeumungsteam.de\\\/index.php\\\/impressum\\\/#breadcrumb\",\"itemListElement\":[{\"@type\":\"ListItem\",\"position\":1,\"name\":\"Startseite\",\"item\":\"https:\\\/\\\/www.raeumungsteam.de\\\/\"},{\"@type\":\"ListItem\",\"position\":2,\"name\":\"Impressum\"}]},{\"@type\":\"WebSite\",\"@id\":\"https:\\\/\\\/www.raeumungsteam.de\\\/#website\",\"url\":\"https:\\\/\\\/www.raeumungsteam.de\\\/\",\"name\":\"Das R\u00e4umungsteam - Haushaltsaufl\u00f6sung\",\"description\":\"Haushaltsaufl\u00f6sung &amp; Wohnungsaufl\u00f6sung im Gro\u00dfraum N\u00fcrnberg\",\"publisher\":{\"@id\":\"https:\\\/\\\/www.raeumungsteam.de\\\/#organization\"},\"potentialAction\":[{\"@type\":\"SearchAction\",\"target\":{\"@type\":\"EntryPoint\",\"urlTemplate\":\"https:\\\/\\\/www.raeumungsteam.de\\\/?s={search_term_string}\"},\"query-input\":{\"@type\":\"PropertyValueSpecification\",\"valueRequired\":true,\"valueName\":\"search_term_string\"}}],\"inLanguage\":\"de\"},{\"@type\":\"Organization\",\"@id\":\"https:\\\/\\\/www.raeumungsteam.de\\\/#organization\",\"name\":\"Das R\u00e4umungsteam\",\"url\":\"https:\\\/\\\/www.raeumungsteam.de\\\/\",\"logo\":{\"@type\":\"ImageObject\",\"inLanguage\":\"de\",\"@id\":\"https:\\\/\\\/www.raeumungsteam.de\\\/#\\\/schema\\\/logo\\\/image\\\/\",\"url\":\"https:\\\/\\\/www.raeumungsteam.de\\\/wp-content\\\/uploads\\\/2022\\\/03\\\/logo-400px.jpg\",\"contentUrl\":\"https:\\\/\\\/www.raeumungsteam.de\\\/wp-content\\\/uploads\\\/2022\\\/03\\\/logo-400px.jpg\",\"width\":400,\"height\":249,\"caption\":\"Das R\u00e4umungsteam\"},\"image\":{\"@id\":\"https:\\\/\\\/www.raeumungsteam.de\\\/#\\\/schema\\\/logo\\\/image\\\/\"}}]}<\/script>\n<!-- \/ Yoast SEO plugin. -->","yoast_head_json":{"title":"Impressum - Das R\u00e4umungsteam - Haushaltsaufl\u00f6sung","description":"Hier finden Sie alle wichtigen Angaben zum Impressum der R\u00f6\u00dfger & humpa GbR. Ihr Profi f\u00fcr Entr\u00fcmpelungen und Haushaltsaufl\u00f6sungen.","robots":{"index":"index","follow":"follow","max-snippet":"max-snippet:-1","max-image-preview":"max-image-preview:large","max-video-preview":"max-video-preview:-1"},"canonical":"https:\/\/www.raeumungsteam.de\/index.php\/impressum\/","og_locale":"de_DE","og_type":"article","og_title":"Impressum - Das R\u00e4umungsteam - Haushaltsaufl\u00f6sung","og_description":"Hier finden Sie alle wichtigen Angaben zum Impressum der R\u00f6\u00dfger & humpa GbR. Ihr Profi f\u00fcr Entr\u00fcmpelungen und Haushaltsaufl\u00f6sungen.","og_url":"https:\/\/www.raeumungsteam.de\/index.php\/impressum\/","og_site_name":"Das R\u00e4umungsteam - Haushaltsaufl\u00f6sung","article_modified_time":"2023-11-15T13:43:23+00:00","twitter_card":"summary_large_image","twitter_misc":{"Gesch\u00e4tzte Lesezeit":"1\u00a0Minute"},"schema":{"@context":"https:\/\/schema.org","@graph":[{"@type":"WebPage","@id":"https:\/\/www.raeumungsteam.de\/index.php\/impressum\/","url":"https:\/\/www.raeumungsteam.de\/index.php\/impressum\/","name":"Impressum - Das R\u00e4umungsteam - Haushaltsaufl\u00f6sung","isPartOf":{"@id":"https:\/\/www.raeumungsteam.de\/#website"},"datePublished":"2022-03-11T10:22:48+00:00","dateModified":"2023-11-15T13:43:23+00:00","description":"Hier finden Sie alle wichtigen Angaben zum Impressum der R\u00f6\u00dfger & humpa GbR. Ihr Profi f\u00fcr Entr\u00fcmpelungen und Haushaltsaufl\u00f6sungen.","breadcrumb":{"@id":"https:\/\/www.raeumungsteam.de\/index.php\/impressum\/#breadcrumb"},"inLanguage":"de","potentialAction":[{"@type":"ReadAction","target":["https:\/\/www.raeumungsteam.de\/index.php\/impressum\/"]}]},{"@type":"BreadcrumbList","@id":"https:\/\/www.raeumungsteam.de\/index.php\/impressum\/#breadcrumb","itemListElement":[{"@type":"ListItem","position":1,"name":"Startseite","item":"https:\/\/www.raeumungsteam.de\/"},{"@type":"ListItem","position":2,"name":"Impressum"}]},{"@type":"WebSite","@id":"https:\/\/www.raeumungsteam.de\/#website","url":"https:\/\/www.raeumungsteam.de\/","name":"Das R\u00e4umungsteam - Haushaltsaufl\u00f6sung","description":"Haushaltsaufl\u00f6sung &amp; Wohnungsaufl\u00f6sung im Gro\u00dfraum N\u00fcrnberg","publisher":{"@id":"https:\/\/www.raeumungsteam.de\/#organization"},"potentialAction":[{"@type":"SearchAction","target":{"@type":"EntryPoint","urlTemplate":"https:\/\/www.raeumungsteam.de\/?s={search_term_string}"},"query-input":{"@type":"PropertyValueSpecification","valueRequired":true,"valueName":"search_term_string"}}],"inLanguage":"de"},{"@type":"Organization","@id":"https:\/\/www.raeumungsteam.de\/#organization","name":"Das R\u00e4umungsteam","url":"https:\/\/www.raeumungsteam.de\/","logo":{"@type":"ImageObject","inLanguage":"de","@id":"https:\/\/www.raeumungsteam.de\/#\/schema\/logo\/image\/","url":"https:\/\/www.raeumungsteam.de\/wp-content\/uploads\/2022\/03\/logo-400px.jpg","contentUrl":"https:\/\/www.raeumungsteam.de\/wp-content\/uploads\/2022\/03\/logo-400px.jpg","width":400,"height":249,"caption":"Das R\u00e4umungsteam"},"image":{"@id":"https:\/\/www.raeumungsteam.de\/#\/schema\/logo\/image\/"}}]}},"_links":{"self":[{"href":"https:\/\/www.raeumungsteam.de\/index.php\/wp-json\/wp\/v2\/pages\/1229","targetHints":{"allow":["GET"]}}],"collection":[{"href":"https:\/\/www.raeumungsteam.de\/index.php\/wp-json\/wp\/v2\/pages"}],"about":[{"href":"https:\/\/www.raeumungsteam.de\/index.php\/wp-json\/wp\/v2\/types\/page"}],"author":[{"embeddable":true,"href":"https:\/\/www.raeumungsteam.de\/index.php\/wp-json\/wp\/v2\/users\/1"}],"replies":[{"embeddable":true,"href":"https:\/\/www.raeumungsteam.de\/index.php\/wp-json\/wp\/v2\/comments?post=1229"}],"version-history":[{"count":7,"href":"https:\/\/www.raeumungsteam.de\/index.php\/wp-json\/wp\/v2\/pages\/1229\/revisions"}],"predecessor-version":[{"id":2232,"href":"https:\/\/www.raeumungsteam.de\/index.php\/wp-json\/wp\/v2\/pages\/1229\/revisions\/2232"}],"wp:attachment":[{"href":"https:\/\/www.raeumungsteam.de\/index.php\/wp-json\/wp\/v2\/media?parent=1229"}],"curies":[{"name":"wp","href":"https:\/\/api.w.org\/{rel}","templated":true}]}}