{"id":1055,"date":"2021-05-26T10:26:08","date_gmt":"2021-05-26T08:26:08","guid":{"rendered":"http:\/\/www.rt-test.site\/?page_id=36"},"modified":"2023-11-15T14:44:05","modified_gmt":"2023-11-15T13:44:05","slug":"datenschutz","status":"publish","type":"page","link":"https:\/\/www.raeumungsteam.de\/index.php\/datenschutz\/","title":{"rendered":"Datenschutzerkl\u00e4rung"},"content":{"rendered":"<div class=\"wpb-content-wrapper\"><p>[vc_section css=&#8220;.vc_custom_1623077085709{background-image: url(http:\/\/www.rt-test.site\/wp-content\/uploads\/2021\/06\/gfrddg.jpg?id=392) !important;background-position: center !important;background-repeat: no-repeat !important;background-size: cover !important;}&#8220;][vc_row][vc_column offset=&#8220;vc_col-lg-offset-2 vc_col-lg-8 vc_col-md-offset-1 vc_col-md-11 vc_col-sm-offset-1 vc_col-sm-11&#8243;]<style type=\"text\/css\">#ut_custom_heading6a04621c1916f { color:#008060; }#ut_custom_heading6a04621c1916f { font-size:20px !important;line-height:130% !important; }#ut_custom_heading6a04621c1916f { text-align:left; }@media (min-width: 768px) and (max-width: 1024px) { #ut_custom_heading6a04621c1916f { text-align:left; } }@media (max-width: 767px) { #ut_custom_heading6a04621c1916f { text-align:center; } }<\/style><h3 id=\"ut_custom_heading6a04621c1916f\" data-responsive-font=\"h3\" data-responsive-font-settings=\"{&quot;base-font-size&quot;:&quot;global&quot;,&quot;font-size&quot;:{&quot;desktop_large&quot;:&quot;20&quot;},&quot;base-line-height&quot;:&quot;global&quot;,&quot;line-height&quot;:{&quot;desktop_large&quot;:&quot;130&quot;},&quot;base-letter-spacing&quot;:&quot;global&quot;}\" class=\"ut-custom-heading-module   vc_custom_1646992425054\" ><span class=\"\" >Das R\u00e4umungsteam<\/span><\/h3><div class=\"wpb_content_element \"><style type=\"text\/css\">#ut_header_6a04621c1be63 h2.section-title { font-size:50px !important;line-height:125% !important;letter-spacing:-0.03em; }<\/style><header id=\"ut_header_6a04621c1be63\" class=\"section-header  ut-no-title-linebreak-mobile ut-no-lead-linebreak-mobile pt-style-7 header-left header-tablet-left header-mobile-center element-with-custom-line-height\"><div class=\"element-with-custom-line-height\" ><h2 data-title=\"Datenschutzerkl\u00e4rung\"  data-responsive-font=\"section_title\" data-responsive-font-settings=\"{&quot;base-font-size&quot;:&quot;global&quot;,&quot;font-size&quot;:{&quot;desktop_large&quot;:&quot;50&quot;},&quot;base-line-height&quot;:&quot;global&quot;,&quot;line-height&quot;:{&quot;desktop_large&quot;:&quot;125&quot;},&quot;base-letter-spacing&quot;:&quot;global&quot;,&quot;letter-spacing&quot;:{&quot;desktop_large&quot;:&quot;-0.03&quot;}}\" class=\"section-title  \"><span>Datenschutzerkl\u00e4rung<\/span><\/h2><\/div><div data-delay=\"0\" class=\"lead \"><p>Das rechtliche zum Datenschutz<\/p>\n<\/div><\/header><\/div>[\/vc_column][\/vc_row][vc_row][vc_column][vc_column_text]<\/p>\n<h1>Datenschutzerkl\u00e4rung<\/h1>\n<h2>1. Datenschutz auf einen Blick<\/h2>\n<h3>Allgemeine Hinweise<\/h3>\n<p>Die folgenden Hinweise geben einen einfachen \u00dcberblick dar\u00fcber, was mit Ihren personenbezogenen Daten passiert, wenn Sie diese Website besuchen. Personenbezogene Daten sind alle Daten, mit denen Sie pers\u00f6nlich identifiziert werden k\u00f6nnen. Ausf\u00fchrliche Informationen zum Thema Datenschutz entnehmen Sie unserer unter diesem Text aufgef\u00fchrten Datenschutzerkl\u00e4rung.<\/p>\n<h3>Datenerfassung auf dieser Website<\/h3>\n<h4>Wer ist verantwortlich f\u00fcr die Datenerfassung auf dieser Website?<\/h4>\n<p>Die Datenverarbeitung auf dieser Website erfolgt durch den Websitebetreiber. Dessen Kontaktdaten k\u00f6nnen Sie dem Abschnitt \u201eHinweis zur Verantwortlichen Stelle\u201c in dieser Datenschutzerkl\u00e4rung entnehmen.<\/p>\n<h4>Wie erfassen wir Ihre Daten?<\/h4>\n<p>Ihre Daten werden zum einen dadurch erhoben, dass Sie uns diese mitteilen. Hierbei kann es sich z.\u00a0B. um Daten handeln, die Sie in ein Kontaktformular eingeben.<\/p>\n<p>Andere Daten werden automatisch oder nach Ihrer Einwilligung beim Besuch der Website durch unsere IT-Systeme erfasst. Das sind vor allem technische Daten (z.\u00a0B. Internetbrowser, Betriebssystem oder Uhrzeit des Seitenaufrufs). Die Erfassung dieser Daten erfolgt automatisch, sobald Sie diese Website betreten.<\/p>\n<h4>Wof\u00fcr nutzen wir Ihre Daten?<\/h4>\n<p>Ein Teil der Daten wird erhoben, um eine fehlerfreie Bereitstellung der Website zu gew\u00e4hrleisten. Andere Daten k\u00f6nnen zur Analyse Ihres Nutzerverhaltens verwendet werden.<\/p>\n<h4>Welche Rechte haben Sie bez\u00fcglich Ihrer Daten?<\/h4>\n<p>Sie haben jederzeit das Recht, unentgeltlich Auskunft \u00fcber Herkunft, Empf\u00e4nger und Zweck Ihrer gespeicherten personenbezogenen Daten zu erhalten. Sie haben au\u00dferdem ein Recht, die Berichtigung oder L\u00f6schung dieser Daten zu verlangen. Wenn Sie eine Einwilligung zur Datenverarbeitung erteilt haben, k\u00f6nnen Sie diese Einwilligung jederzeit f\u00fcr die Zukunft widerrufen. Au\u00dferdem haben Sie das Recht, unter bestimmten Umst\u00e4nden die Einschr\u00e4nkung der Verarbeitung Ihrer personenbezogenen Daten zu verlangen. Des Weiteren steht Ihnen ein Beschwerderecht bei der zust\u00e4ndigen Aufsichtsbeh\u00f6rde zu.<\/p>\n<p>Hierzu sowie zu weiteren Fragen zum Thema Datenschutz k\u00f6nnen Sie sich jederzeit an uns wenden.<\/p>\n<h3>Analyse-Tools und Tools von Dritt\u00adanbietern<\/h3>\n<p>Beim Besuch dieser Website kann Ihr Surf-Verhalten statistisch ausgewertet werden. Das geschieht vor allem mit sogenannten Analyseprogrammen.<\/p>\n<p>Detaillierte Informationen zu diesen Analyseprogrammen finden Sie in der folgenden Datenschutzerkl\u00e4rung.<\/p>\n<h2>2. Hosting<\/h2>\n<h3>Strato<\/h3>\n<p>Wir hosten unsere Website bei Strato. Anbieter ist die Strato AG, Otto-Ostrowski-Stra\u00dfe 7, 10249 Berlin (nachfolgend \u201eStrato\u201c). Wenn Sie unsere Website besuchen, erfasst Strato verschiedene Logfiles inklusive Ihrer IP-Adressen.<\/p>\n<p>Weitere Informationen entnehmen Sie der Datenschutzerkl\u00e4rung von Strato: <a href=\"https:\/\/www.strato.de\/datenschutz\/\" target=\"_blank\" rel=\"noopener noreferrer\">https:\/\/www.strato.de\/datenschutz\/<\/a>.<\/p>\n<p>Die Verwendung von Strato erfolgt auf Grundlage von Art. 6 Abs. 1 lit. f DSGVO. Wir haben ein berechtigtes Interesse an einer m\u00f6glichst zuverl\u00e4ssigen Darstellung unserer Website. Sofern eine entsprechende Einwilligung abgefragt wurde, erfolgt die Verarbeitung ausschlie\u00dflich auf Grundlage von Art. 6 Abs. 1 lit. a DSGVO und \u00a7 25 Abs. 1 TTDSG, soweit die Einwilligung die Speicherung von Cookies oder den Zugriff auf Informationen im Endger\u00e4t des Nutzers (z.\u00a0B. Device-Fingerprinting) im Sinne des TTDSG umfasst. Die Einwilligung ist jederzeit widerrufbar.<\/p>\n<h4>Auftragsverarbeitung<\/h4>\n<p>Wir haben einen Vertrag \u00fcber Auftragsverarbeitung (AVV) mit dem oben genannten Anbieter geschlossen. Hierbei handelt es sich um einen datenschutzrechtlich vorgeschriebenen Vertrag, der gew\u00e4hrleistet, dass dieser die personenbezogenen Daten unserer Websitebesucher nur nach unseren Weisungen und unter Einhaltung der DSGVO verarbeitet.<\/p>\n<h2>3. Allgemeine Hinweise und Pflicht\u00adinformationen<\/h2>\n<h3>Datenschutz<\/h3>\n<p>Die Betreiber dieser Seiten nehmen den Schutz Ihrer pers\u00f6nlichen Daten sehr ernst. Wir behandeln Ihre personenbezogenen Daten vertraulich und entsprechend den gesetzlichen Datenschutzvorschriften sowie dieser Datenschutzerkl\u00e4rung.<\/p>\n<p>Wenn Sie diese Website benutzen, werden verschiedene personenbezogene Daten erhoben. Personenbezogene Daten sind Daten, mit denen Sie pers\u00f6nlich identifiziert werden k\u00f6nnen. Die vorliegende Datenschutzerkl\u00e4rung erl\u00e4utert, welche Daten wir erheben und wof\u00fcr wir sie nutzen. Sie erl\u00e4utert auch, wie und zu welchem Zweck das geschieht.<\/p>\n<p>Wir weisen darauf hin, dass die Daten\u00fcbertragung im Internet (z.\u00a0B. bei der Kommunikation per E-Mail) Sicherheitsl\u00fccken aufweisen kann. Ein l\u00fcckenloser Schutz der Daten vor dem Zugriff durch Dritte ist nicht m\u00f6glich.<\/p>\n<h3>Hinweis zur verantwortlichen Stelle<\/h3>\n<p>Die verantwortliche Stelle f\u00fcr die Datenverarbeitung auf dieser Website ist:<\/p>\n<p>Das R\u00e4umungsteam &#8211; Humpa &amp; R\u00f6\u00dfger GbR<br \/>\nHochvogelring 19<br \/>\n90471 N\u00fcrnberg<\/p>\n<p>Telefon: 01578 \/ 5150429[\/vc_column_text][\/vc_column][\/vc_row][\/vc_section][vc_section bklyn_overlay=&#8220;true&#8220; css=&#8220;.vc_custom_1623252768206{background-image: url(http:\/\/www.rt-test.site\/wp-content\/uploads\/2021\/04\/khara-woods-GOXZhoqHqac-unsplash.jpg?id=934) !important;background-position: center !important;background-repeat: no-repeat !important;background-size: cover !important;}&#8220; bklyn_overlay_color=&#8220;rgba(0, 76, 63, 0.75)&#8220; el_name=&#8220;CTA&#8220;][vc_row][vc_column offset=&#8220;vc_col-lg-offset-2 vc_col-lg-8 vc_col-md-offset-1 vc_col-md-10 vc_col-sm-offset-1 vc_col-sm-10&#8243;]<style type=\"text\/css\">#ut_custom_heading6a04621c1c35f { color:#ffdd40; }#ut_custom_heading6a04621c1c35f { font-size:20px !important;line-height:130% !important; }#ut_custom_heading6a04621c1c35f { text-align:center; }@media (min-width: 768px) and (max-width: 1024px) { #ut_custom_heading6a04621c1c35f { text-align:center; } }@media (max-width: 767px) { #ut_custom_heading6a04621c1c35f { text-align:center; } }<\/style><h3 id=\"ut_custom_heading6a04621c1c35f\" data-responsive-font=\"h3\" data-responsive-font-settings=\"{&quot;base-font-size&quot;:&quot;global&quot;,&quot;font-size&quot;:{&quot;desktop_large&quot;:&quot;20&quot;},&quot;base-line-height&quot;:&quot;global&quot;,&quot;line-height&quot;:{&quot;desktop_large&quot;:&quot;130&quot;},&quot;base-letter-spacing&quot;:&quot;global&quot;}\" class=\"ut-custom-heading-module   vc_custom_1646992780020\" ><span class=\"\" >Fragen offen?<\/span><\/h3><div class=\"wpb_content_element  vc_custom_1646992820188\"><style type=\"text\/css\">#ut_header_6a04621c1c5f3 h2.section-title, #ut_header_6a04621c1c5f3 h2.section-title span { color:#ffffff; }#ut_header_6a04621c1c5f3 h2.section-title { font-size:50px !important;line-height:125% !important;letter-spacing:-0.03em; }@media (min-width: 1025px) { #ut_header_6a04621c1c5f3 .lead { width:80%;margin: 0 auto;} }#ut_header_6a04621c1c5f3 .lead { color:#ffffff; }#ut_header_6a04621c1c5f3 .lead p { color:#ffffff; }<\/style><header id=\"ut_header_6a04621c1c5f3\" class=\"section-header  ut-no-title-linebreak-mobile ut-no-lead-linebreak-mobile pt-style-7 header-center header-tablet-center header-mobile-center element-with-custom-line-height\"><div class=\"element-with-custom-line-height\" ><h2 data-title=\"Lass uns in Kontakt treten\"  data-responsive-font=\"section_title\" data-responsive-font-settings=\"{&quot;base-font-size&quot;:&quot;global&quot;,&quot;font-size&quot;:{&quot;desktop_large&quot;:&quot;50&quot;},&quot;base-line-height&quot;:&quot;global&quot;,&quot;line-height&quot;:{&quot;desktop_large&quot;:&quot;125&quot;},&quot;base-letter-spacing&quot;:&quot;global&quot;,&quot;letter-spacing&quot;:{&quot;desktop_large&quot;:&quot;-0.03&quot;}}\" class=\"section-title  \"><span>Lass uns in Kontakt treten<\/span><\/h2><\/div><div data-delay=\"0\" class=\"lead \"><p>Gern beantworten wir Ihre individuelle Anfrage ausf\u00fchrlich und kompetent.<\/p>\n<\/div><\/header><\/div><style type=\"text\/css\">#bklyn_btn_6a04621c1cae8 .bklyn-btn { color:#004c3f !important; border-radius:50px !important; background-color:#ffdd40 !important; }#bklyn_btn_6a04621c1cae8 .bklyn-btn:hover{ color:#004c3f !important; background-color:#ffd61f !important; }#bklyn_btn_6a04621c1cae8 .bklyn-btn:focus{ color:#004c3f !important; background-color:#ffd61f !important; }#bklyn_btn_6a04621c1cae8 .bklyn-btn:active { color:#004c3f !important; background-color:#ffd61f !important; }#bklyn_btn_6a04621c1cae8 a.bklyn-btn { font-weight:bold !important; }#bklyn_btn_6a04621c1cae8.bklyn-btn-header a.bklyn-btn { font-weight:bold !important; }#bklyn_btn_6a04621c1cae8.bklyn-btn-header a.bklyn-btn span { font-weight:bold !important; }#bklyn_btn_6a04621c1cae8 a.bklyn-btn { font-family:inherit !important; }<\/style><div id=\"bklyn_btn_6a04621c1cae8\" class=\"bklyn-btn-holder  bklyn-btn-center bklyn-btn-tablet-center bklyn-btn-mobile-center\"><a title=\"\"   href=\"https:\/\/www.raeumungsteam.de\/index.php\/kontakt\/\" target=\"_self\" class=\"bklyn-btn  bklyn-btn-normal\" ><span class=\"ut-btn-text\">Kontaktformular<\/span><\/a><\/div>[\/vc_column][\/vc_row][\/vc_section]<\/p>\n<\/div>","protected":false},"excerpt":{"rendered":"<p>[vc_section css=&#8220;.vc_custom_1623077085709{background-image: url(http:\/\/www.rt-test.site\/wp-content\/uploads\/2021\/06\/gfrddg.jpg?id=392) !important;background-position: center !important;background-repeat: no-repeat !important;background-size: cover !important;}&#8220;][vc_row][vc_column offset=&#8220;vc_col-lg-offset-2 vc_col-lg-8 vc_col-md-offset-1 vc_col-md-11 vc_col-sm-offset-1 vc_col-sm-11&#8243;][\/vc_column][\/vc_row][vc_row][vc_column][vc_column_text] Datenschutzerkl\u00e4rung 1. Datenschutz auf einen Blick Allgemeine Hinweise Die folgenden Hinweise geben einen einfachen \u00dcberblick dar\u00fcber, was mit Ihren personenbezogenen Daten passiert, wenn Sie diese Website besuchen. Personenbezogene Daten sind alle Daten, mit denen Sie pers\u00f6nlich identifiziert werden k\u00f6nnen. [&hellip;]<\/p>\n","protected":false},"author":1,"featured_media":0,"parent":0,"menu_order":0,"comment_status":"closed","ping_status":"closed","template":"","meta":{"footnotes":""},"class_list":["post-1055","page","type-page","status-publish","hentry"],"yoast_head":"<!-- This site is optimized with the Yoast SEO plugin v27.6 - https:\/\/yoast.com\/product\/yoast-seo-wordpress\/ -->\n<title>Datenschutzerkl\u00e4rung - Das R\u00e4umungsteam - Haushaltsaufl\u00f6sung<\/title>\n<meta name=\"description\" content=\"Hier finden Sie die Datenschutzerkl\u00e4rung des R\u00e4umungsteams. Ihr Profi f\u00fcr Haushaltsaufl\u00f6sungen &amp; Entr\u00fcmpelungen .\" \/>\n<meta name=\"robots\" content=\"index, follow, max-snippet:-1, max-image-preview:large, max-video-preview:-1\" \/>\n<link rel=\"canonical\" href=\"https:\/\/www.raeumungsteam.de\/index.php\/datenschutz\/\" \/>\n<meta property=\"og:locale\" content=\"de_DE\" \/>\n<meta property=\"og:type\" content=\"article\" \/>\n<meta property=\"og:title\" content=\"Datenschutzerkl\u00e4rung - Das R\u00e4umungsteam - Haushaltsaufl\u00f6sung\" \/>\n<meta property=\"og:description\" content=\"Hier finden Sie die Datenschutzerkl\u00e4rung des R\u00e4umungsteams. Ihr Profi f\u00fcr Haushaltsaufl\u00f6sungen &amp; Entr\u00fcmpelungen .\" \/>\n<meta property=\"og:url\" content=\"https:\/\/www.raeumungsteam.de\/index.php\/datenschutz\/\" \/>\n<meta property=\"og:site_name\" content=\"Das R\u00e4umungsteam - Haushaltsaufl\u00f6sung\" \/>\n<meta property=\"article:modified_time\" content=\"2023-11-15T13:44:05+00:00\" \/>\n<meta name=\"twitter:card\" content=\"summary_large_image\" \/>\n<meta name=\"twitter:label1\" content=\"Gesch\u00e4tzte Lesezeit\" \/>\n\t<meta name=\"twitter:data1\" content=\"5\u00a0Minuten\" \/>\n<script type=\"application\/ld+json\" class=\"yoast-schema-graph\">{\"@context\":\"https:\\\/\\\/schema.org\",\"@graph\":[{\"@type\":\"WebPage\",\"@id\":\"https:\\\/\\\/www.raeumungsteam.de\\\/index.php\\\/datenschutz\\\/\",\"url\":\"https:\\\/\\\/www.raeumungsteam.de\\\/index.php\\\/datenschutz\\\/\",\"name\":\"Datenschutzerkl\u00e4rung - Das R\u00e4umungsteam - Haushaltsaufl\u00f6sung\",\"isPartOf\":{\"@id\":\"https:\\\/\\\/www.raeumungsteam.de\\\/#website\"},\"datePublished\":\"2021-05-26T08:26:08+00:00\",\"dateModified\":\"2023-11-15T13:44:05+00:00\",\"description\":\"Hier finden Sie die Datenschutzerkl\u00e4rung des R\u00e4umungsteams. Ihr Profi f\u00fcr Haushaltsaufl\u00f6sungen & Entr\u00fcmpelungen .\",\"breadcrumb\":{\"@id\":\"https:\\\/\\\/www.raeumungsteam.de\\\/index.php\\\/datenschutz\\\/#breadcrumb\"},\"inLanguage\":\"de\",\"potentialAction\":[{\"@type\":\"ReadAction\",\"target\":[\"https:\\\/\\\/www.raeumungsteam.de\\\/index.php\\\/datenschutz\\\/\"]}]},{\"@type\":\"BreadcrumbList\",\"@id\":\"https:\\\/\\\/www.raeumungsteam.de\\\/index.php\\\/datenschutz\\\/#breadcrumb\",\"itemListElement\":[{\"@type\":\"ListItem\",\"position\":1,\"name\":\"Startseite\",\"item\":\"https:\\\/\\\/www.raeumungsteam.de\\\/\"},{\"@type\":\"ListItem\",\"position\":2,\"name\":\"Datenschutzerkl\u00e4rung\"}]},{\"@type\":\"WebSite\",\"@id\":\"https:\\\/\\\/www.raeumungsteam.de\\\/#website\",\"url\":\"https:\\\/\\\/www.raeumungsteam.de\\\/\",\"name\":\"Das R\u00e4umungsteam - Haushaltsaufl\u00f6sung\",\"description\":\"Haushaltsaufl\u00f6sung &amp; Wohnungsaufl\u00f6sung im Gro\u00dfraum N\u00fcrnberg\",\"publisher\":{\"@id\":\"https:\\\/\\\/www.raeumungsteam.de\\\/#organization\"},\"potentialAction\":[{\"@type\":\"SearchAction\",\"target\":{\"@type\":\"EntryPoint\",\"urlTemplate\":\"https:\\\/\\\/www.raeumungsteam.de\\\/?s={search_term_string}\"},\"query-input\":{\"@type\":\"PropertyValueSpecification\",\"valueRequired\":true,\"valueName\":\"search_term_string\"}}],\"inLanguage\":\"de\"},{\"@type\":\"Organization\",\"@id\":\"https:\\\/\\\/www.raeumungsteam.de\\\/#organization\",\"name\":\"Das R\u00e4umungsteam\",\"url\":\"https:\\\/\\\/www.raeumungsteam.de\\\/\",\"logo\":{\"@type\":\"ImageObject\",\"inLanguage\":\"de\",\"@id\":\"https:\\\/\\\/www.raeumungsteam.de\\\/#\\\/schema\\\/logo\\\/image\\\/\",\"url\":\"https:\\\/\\\/www.raeumungsteam.de\\\/wp-content\\\/uploads\\\/2022\\\/03\\\/logo-400px.jpg\",\"contentUrl\":\"https:\\\/\\\/www.raeumungsteam.de\\\/wp-content\\\/uploads\\\/2022\\\/03\\\/logo-400px.jpg\",\"width\":400,\"height\":249,\"caption\":\"Das R\u00e4umungsteam\"},\"image\":{\"@id\":\"https:\\\/\\\/www.raeumungsteam.de\\\/#\\\/schema\\\/logo\\\/image\\\/\"}}]}<\/script>\n<!-- \/ Yoast SEO plugin. -->","yoast_head_json":{"title":"Datenschutzerkl\u00e4rung - Das R\u00e4umungsteam - Haushaltsaufl\u00f6sung","description":"Hier finden Sie die Datenschutzerkl\u00e4rung des R\u00e4umungsteams. Ihr Profi f\u00fcr Haushaltsaufl\u00f6sungen & Entr\u00fcmpelungen .","robots":{"index":"index","follow":"follow","max-snippet":"max-snippet:-1","max-image-preview":"max-image-preview:large","max-video-preview":"max-video-preview:-1"},"canonical":"https:\/\/www.raeumungsteam.de\/index.php\/datenschutz\/","og_locale":"de_DE","og_type":"article","og_title":"Datenschutzerkl\u00e4rung - Das R\u00e4umungsteam - Haushaltsaufl\u00f6sung","og_description":"Hier finden Sie die Datenschutzerkl\u00e4rung des R\u00e4umungsteams. Ihr Profi f\u00fcr Haushaltsaufl\u00f6sungen & Entr\u00fcmpelungen .","og_url":"https:\/\/www.raeumungsteam.de\/index.php\/datenschutz\/","og_site_name":"Das R\u00e4umungsteam - Haushaltsaufl\u00f6sung","article_modified_time":"2023-11-15T13:44:05+00:00","twitter_card":"summary_large_image","twitter_misc":{"Gesch\u00e4tzte Lesezeit":"5\u00a0Minuten"},"schema":{"@context":"https:\/\/schema.org","@graph":[{"@type":"WebPage","@id":"https:\/\/www.raeumungsteam.de\/index.php\/datenschutz\/","url":"https:\/\/www.raeumungsteam.de\/index.php\/datenschutz\/","name":"Datenschutzerkl\u00e4rung - Das R\u00e4umungsteam - Haushaltsaufl\u00f6sung","isPartOf":{"@id":"https:\/\/www.raeumungsteam.de\/#website"},"datePublished":"2021-05-26T08:26:08+00:00","dateModified":"2023-11-15T13:44:05+00:00","description":"Hier finden Sie die Datenschutzerkl\u00e4rung des R\u00e4umungsteams. Ihr Profi f\u00fcr Haushaltsaufl\u00f6sungen & Entr\u00fcmpelungen .","breadcrumb":{"@id":"https:\/\/www.raeumungsteam.de\/index.php\/datenschutz\/#breadcrumb"},"inLanguage":"de","potentialAction":[{"@type":"ReadAction","target":["https:\/\/www.raeumungsteam.de\/index.php\/datenschutz\/"]}]},{"@type":"BreadcrumbList","@id":"https:\/\/www.raeumungsteam.de\/index.php\/datenschutz\/#breadcrumb","itemListElement":[{"@type":"ListItem","position":1,"name":"Startseite","item":"https:\/\/www.raeumungsteam.de\/"},{"@type":"ListItem","position":2,"name":"Datenschutzerkl\u00e4rung"}]},{"@type":"WebSite","@id":"https:\/\/www.raeumungsteam.de\/#website","url":"https:\/\/www.raeumungsteam.de\/","name":"Das R\u00e4umungsteam - Haushaltsaufl\u00f6sung","description":"Haushaltsaufl\u00f6sung &amp; Wohnungsaufl\u00f6sung im Gro\u00dfraum N\u00fcrnberg","publisher":{"@id":"https:\/\/www.raeumungsteam.de\/#organization"},"potentialAction":[{"@type":"SearchAction","target":{"@type":"EntryPoint","urlTemplate":"https:\/\/www.raeumungsteam.de\/?s={search_term_string}"},"query-input":{"@type":"PropertyValueSpecification","valueRequired":true,"valueName":"search_term_string"}}],"inLanguage":"de"},{"@type":"Organization","@id":"https:\/\/www.raeumungsteam.de\/#organization","name":"Das R\u00e4umungsteam","url":"https:\/\/www.raeumungsteam.de\/","logo":{"@type":"ImageObject","inLanguage":"de","@id":"https:\/\/www.raeumungsteam.de\/#\/schema\/logo\/image\/","url":"https:\/\/www.raeumungsteam.de\/wp-content\/uploads\/2022\/03\/logo-400px.jpg","contentUrl":"https:\/\/www.raeumungsteam.de\/wp-content\/uploads\/2022\/03\/logo-400px.jpg","width":400,"height":249,"caption":"Das R\u00e4umungsteam"},"image":{"@id":"https:\/\/www.raeumungsteam.de\/#\/schema\/logo\/image\/"}}]}},"_links":{"self":[{"href":"https:\/\/www.raeumungsteam.de\/index.php\/wp-json\/wp\/v2\/pages\/1055","targetHints":{"allow":["GET"]}}],"collection":[{"href":"https:\/\/www.raeumungsteam.de\/index.php\/wp-json\/wp\/v2\/pages"}],"about":[{"href":"https:\/\/www.raeumungsteam.de\/index.php\/wp-json\/wp\/v2\/types\/page"}],"author":[{"embeddable":true,"href":"https:\/\/www.raeumungsteam.de\/index.php\/wp-json\/wp\/v2\/users\/1"}],"replies":[{"embeddable":true,"href":"https:\/\/www.raeumungsteam.de\/index.php\/wp-json\/wp\/v2\/comments?post=1055"}],"version-history":[{"count":7,"href":"https:\/\/www.raeumungsteam.de\/index.php\/wp-json\/wp\/v2\/pages\/1055\/revisions"}],"predecessor-version":[{"id":2233,"href":"https:\/\/www.raeumungsteam.de\/index.php\/wp-json\/wp\/v2\/pages\/1055\/revisions\/2233"}],"wp:attachment":[{"href":"https:\/\/www.raeumungsteam.de\/index.php\/wp-json\/wp\/v2\/media?parent=1055"}],"curies":[{"name":"wp","href":"https:\/\/api.w.org\/{rel}","templated":true}]}}